{"id":4,"date":"2022-01-27T17:10:35","date_gmt":"2022-01-27T17:10:35","guid":{"rendered":"https:\/\/fritz-it.com\/?page_id=4"},"modified":"2022-01-29T01:47:18","modified_gmt":"2022-01-29T01:47:18","slug":"willkommen-auf-https-fritz-it-com","status":"publish","type":"page","link":"https:\/\/fritz-it.com\/","title":{"rendered":"Willkommen auf unserer Internet-Seite"},"content":{"rendered":"\n<p class=\"has-small-font-size\" style=\"font-style:normal;font-weight:300\"><strong>Suchen Sie nach EDV-L\u00f6sungen f\u00fcr Ihr Unternehmen oder auch in Ihrem privaten Bereich?<br><br>Wir bieten Ihnen ein komplettes Dienstleistungsangebot rund um die betriebliche und private elektronische Datenverarbeitung.<br><br>Neben technischen Aspekten ber\u00fccksichtigen wir nat\u00fcrlich auch die organisatorischen Rahmenbedingungen in Ihrem Unternehmen.<br><br>F\u00fcr Ihre individuellen Probleme erstellen wir nat\u00fcrlich auch individuelle L\u00f6sungen!<br><br>Unser Angebot erstreckt sich von der herstellerunabh\u00e4ngigen Beratung zu Hard- und Softwarekomponenten \u00fcber die konkrete Planung und Realisierung des betrieblichen und privaten Informationswesens. Verkauf, Installation, Wartung und Betreuung von Hard- und Software sowie die Schulung der Mitarbeiterinnen und Mitarbeiter runden unser Dienstleistungsspektrum ab.<br><br>Nehmen Sie mit uns Kontakt auf! Wir erstellen Ihnen gerne ein individuelles Angebot.<br><br>Vorab k\u00f6nnen Sie sich auf unseren Seiten zu unserem Unternehmen und Serviceangebot informieren.<br><br>Alexander Fritz<\/strong><\/p>\n\n\n\n<p><\/p>\n","protected":false},"excerpt":{"rendered":"<p>Suchen Sie nach EDV-L\u00f6sungen f\u00fcr Ihr Unternehmen oder auch in Ihrem privaten Bereich? Wir bieten Ihnen ein komplettes Dienstleistungsangebot rund um die betriebliche und private elektronische Datenverarbeitung. Neben technischen Aspekten &hellip; <a href=\"https:\/\/fritz-it.com\/\" class=\"more-link\"><span class=\"screen-reader-text\">\u201eWillkommen auf unserer Internet-Seite\u201c <\/span>weiterlesen<\/a><\/p>\n","protected":false},"author":1,"featured_media":0,"parent":0,"menu_order":0,"comment_status":"closed","ping_status":"open","template":"","meta":{"footnotes":""},"class_list":["post-4","page","type-page","status-publish","hentry"],"_links":{"self":[{"href":"https:\/\/fritz-it.com\/index.php?rest_route=\/wp\/v2\/pages\/4","targetHints":{"allow":["GET"]}}],"collection":[{"href":"https:\/\/fritz-it.com\/index.php?rest_route=\/wp\/v2\/pages"}],"about":[{"href":"https:\/\/fritz-it.com\/index.php?rest_route=\/wp\/v2\/types\/page"}],"author":[{"embeddable":true,"href":"https:\/\/fritz-it.com\/index.php?rest_route=\/wp\/v2\/users\/1"}],"replies":[{"embeddable":true,"href":"https:\/\/fritz-it.com\/index.php?rest_route=%2Fwp%2Fv2%2Fcomments&post=4"}],"version-history":[{"count":9,"href":"https:\/\/fritz-it.com\/index.php?rest_route=\/wp\/v2\/pages\/4\/revisions"}],"predecessor-version":[{"id":133,"href":"https:\/\/fritz-it.com\/index.php?rest_route=\/wp\/v2\/pages\/4\/revisions\/133"}],"wp:attachment":[{"href":"https:\/\/fritz-it.com\/index.php?rest_route=%2Fwp%2Fv2%2Fmedia&parent=4"}],"curies":[{"name":"wp","href":"https:\/\/api.w.org\/{rel}","templated":true}]}}