{"id":105,"date":"2022-01-29T00:55:57","date_gmt":"2022-01-29T00:55:57","guid":{"rendered":"https:\/\/fritz-it.com\/?page_id=105"},"modified":"2022-01-29T00:55:57","modified_gmt":"2022-01-29T00:55:57","slug":"wir-ueber-uns","status":"publish","type":"page","link":"https:\/\/fritz-it.com\/?page_id=105","title":{"rendered":"Wir \u00fcber uns"},"content":{"rendered":"<p><b>Teamwork zusammen mit unseren Kunden wird bei uns gro\u00dfgeschrieben.<\/p>\n<p>Ob es sich dabei um Industrieautomation (Kontroll- und Steuerungssysteme), B\u00fcroautomation oder Nutzung von IT- und TK-Ger\u00e4ten im privaten Sektor handelt, wir verf\u00fcgen \u00fcber mehr als 30 Jahre Erfahrung in diesem Bereich.<\/p>\n<p>In enger Zusammenarbeit mit unseren Lieferanten und Kooperationspartnern erg\u00e4nzen wir uns ideal. Dabei setzen alle auf ihre individuellen Schwerpunkte ohne die Zusammenarbeit im Team aus den Augen zu verlieren. Gegenseitige Unterst\u00fctzung ist f\u00fcr uns selbstverst\u00e4ndlich, sodass unsere Kunden vom geballten Team-Wissen profitieren. So k\u00f6nnen wir die unterschiedlichsten Auftr\u00e4ge stets zuverl\u00e4ssig und kompetent bearbeiten.<\/p>\n<p>Machen Sie sich doch einfach n\u00e4her mit uns bekannt. Hier finden Sie bestimmt das passende Fachwissen f\u00fcr Ihr ganz pers\u00f6nliches Anliegen.<\/b><\/p>\n","protected":false},"excerpt":{"rendered":"<p>Teamwork zusammen mit unseren Kunden wird bei uns gro\u00dfgeschrieben. Ob es sich dabei um Industrieautomation (Kontroll- und Steuerungssysteme), B\u00fcroautomation oder Nutzung von IT- und TK-Ger\u00e4ten im privaten Sektor handelt, wir &hellip; <a href=\"https:\/\/fritz-it.com\/?page_id=105\" class=\"more-link\"><span class=\"screen-reader-text\">\u201eWir \u00fcber uns\u201c <\/span>weiterlesen<\/a><\/p>\n","protected":false},"author":1,"featured_media":0,"parent":0,"menu_order":0,"comment_status":"closed","ping_status":"closed","template":"","meta":{"footnotes":""},"class_list":["post-105","page","type-page","status-publish","hentry"],"_links":{"self":[{"href":"https:\/\/fritz-it.com\/index.php?rest_route=\/wp\/v2\/pages\/105","targetHints":{"allow":["GET"]}}],"collection":[{"href":"https:\/\/fritz-it.com\/index.php?rest_route=\/wp\/v2\/pages"}],"about":[{"href":"https:\/\/fritz-it.com\/index.php?rest_route=\/wp\/v2\/types\/page"}],"author":[{"embeddable":true,"href":"https:\/\/fritz-it.com\/index.php?rest_route=\/wp\/v2\/users\/1"}],"replies":[{"embeddable":true,"href":"https:\/\/fritz-it.com\/index.php?rest_route=%2Fwp%2Fv2%2Fcomments&post=105"}],"version-history":[{"count":1,"href":"https:\/\/fritz-it.com\/index.php?rest_route=\/wp\/v2\/pages\/105\/revisions"}],"predecessor-version":[{"id":107,"href":"https:\/\/fritz-it.com\/index.php?rest_route=\/wp\/v2\/pages\/105\/revisions\/107"}],"wp:attachment":[{"href":"https:\/\/fritz-it.com\/index.php?rest_route=%2Fwp%2Fv2%2Fmedia&parent=105"}],"curies":[{"name":"wp","href":"https:\/\/api.w.org\/{rel}","templated":true}]}}